{"id":4716,"date":"2025-10-21T16:36:31","date_gmt":"2025-10-21T13:36:31","guid":{"rendered":"https:\/\/www.megaguvenlik.com\/?post_type=product&#038;p=4716"},"modified":"2025-10-21T16:36:32","modified_gmt":"2025-10-21T13:36:32","slug":"dahua-nvr4432-ei","status":"publish","type":"product","link":"https:\/\/www.megaguvenlik.com\/?product=dahua-nvr4432-ei","title":{"rendered":"DAHUA NVR4432-EI"},"content":{"rendered":"<p>32 Kanal H.265+ NVR (4x20TB SATA) 4K \u0130zleme\/Kay\u0131t Bant Geni\u015fli\u011fi: 256Mbps\/180Mbps, 16 MP&#8217;ye kadar \u00e7\u00f6z\u00fcn\u00fcrl\u00fck, 16 Kanal@1080p veya 2 kanal 8MP@30fps Kod \u00c7\u00f6z\u00fcmleme(Decoding) \u00c7ift Y\u00f6nl\u00fc Konu\u015fma, P2P, Kendinden uyarlanan kod \u00e7\u00f6zme \u00e7\u00f6zme yetene\u011fi, 8 Kanal Ak\u0131ll\u0131 \u00c7ift ayd\u0131nlatma modunu deste\u011fi(Beyaz I\u015f\u0131k Modu+IR Modu+Ak\u0131ll\u0131 Modu), Insan ve ara\u00e7 alg\u0131lama deste\u011fi, kanal Sanal S\u0131n\u0131r \u0130hlali ve Alan \u0130hlali deste\u011fi(kamera taraf\u0131ndan), y\u00fcz alg\u0131lama ve tan\u0131ma, ki\u015fi sayma, stereo analiz ve \u0131s\u0131 haritas\u0131<\/p>\n","protected":false},"excerpt":{"rendered":"<p>32 Kanal H.265+ NVR (4x20TB SATA) 4K \u0130zleme\/Kay\u0131t Bant Geni\u015fli\u011fi: 256Mbps\/180Mbps, 16 MP&#8217;ye kadar \u00e7\u00f6z\u00fcn\u00fcrl\u00fck, 16 Kanal@1080p veya 2 kanal 8MP@30fps Kod \u00c7\u00f6z\u00fcmleme(Decoding) \u00c7ift Y\u00f6nl\u00fc Konu\u015fma, P2P, Kendinden uyarlanan kod \u00e7\u00f6zme \u00e7\u00f6zme yetene\u011fi, 8 Kanal Ak\u0131ll\u0131 \u00c7ift ayd\u0131nlatma modunu deste\u011fi(Beyaz I\u015f\u0131k Modu+IR Modu+Ak\u0131ll\u0131 Modu), Insan ve ara\u00e7 alg\u0131lama deste\u011fi, kanal Sanal S\u0131n\u0131r \u0130hlali ve Alan \u0130hlali deste\u011fi(kamera taraf\u0131ndan), y\u00fcz alg\u0131lama ve tan\u0131ma, ki\u015fi sayma, stereo analiz ve \u0131s\u0131 haritas\u0131<\/p>\n","protected":false},"featured_media":4717,"comment_status":"open","ping_status":"closed","template":"","meta":[],"product_brand":[],"product_cat":[338,199,275],"product_tag":[340,339,278],"class_list":{"0":"post-4716","1":"product","2":"type-product","3":"status-publish","4":"has-post-thumbnail","6":"product_cat-dahua","7":"product_cat-kamera-sistemleri","8":"product_cat-kayit-cihazlari","9":"product_tag-alhua","10":"product_tag-dahua","11":"product_tag-kayit-cihazi","13":"first","14":"instock","15":"taxable","16":"shipping-taxable","17":"product-type-simple"},"yoast_head":"<!-- This site is optimized with the Yoast SEO plugin v26.0 - https:\/\/yoast.com\/wordpress\/plugins\/seo\/ -->\n<title>DAHUA NVR4432-EI - Mega G\u00fcvenlik Sistemleri<\/title>\n<meta name=\"description\" content=\"NVR4432-EI, yapay zek\u00e2 (AI) destekli, y\u00fcksek performansl\u0131 32 kanall\u0131 a\u011f kay\u0131t cihaz\u0131d\u0131r. Geli\u015fmi\u015f y\u00fcz tan\u0131ma, insan ve ara\u00e7 alg\u0131lama \u00f6zellikleri ile sahte alarmlar\u0131 azalt\u0131r ve g\u00fcvenlik olaylar\u0131n\u0131 ak\u0131ll\u0131 \u015fekilde analiz eder. 4K Ultra HD \u00e7\u00f6z\u00fcn\u00fcrl\u00fck ve g\u00fc\u00e7l\u00fc i\u015flemcisi ile b\u00fcy\u00fck \u00f6l\u00e7ekli g\u00fcvenlik sistemleri i\u00e7in ideal bir \u00e7\u00f6z\u00fcmd\u00fcr.\" \/>\n<meta name=\"robots\" content=\"index, follow, max-snippet:-1, max-image-preview:large, max-video-preview:-1\" \/>\n<link rel=\"canonical\" href=\"https:\/\/www.megaguvenlik.com\/?product=dahua-nvr4432-ei\" \/>\n<meta property=\"og:locale\" content=\"tr_TR\" \/>\n<meta property=\"og:type\" content=\"article\" \/>\n<meta property=\"og:title\" content=\"DAHUA NVR4432-EI - Mega G\u00fcvenlik Sistemleri\" \/>\n<meta property=\"og:description\" content=\"NVR4432-EI, yapay zek\u00e2 (AI) destekli, y\u00fcksek performansl\u0131 32 kanall\u0131 a\u011f kay\u0131t cihaz\u0131d\u0131r. Geli\u015fmi\u015f y\u00fcz tan\u0131ma, insan ve ara\u00e7 alg\u0131lama \u00f6zellikleri ile sahte alarmlar\u0131 azalt\u0131r ve g\u00fcvenlik olaylar\u0131n\u0131 ak\u0131ll\u0131 \u015fekilde analiz eder. 4K Ultra HD \u00e7\u00f6z\u00fcn\u00fcrl\u00fck ve g\u00fc\u00e7l\u00fc i\u015flemcisi ile b\u00fcy\u00fck \u00f6l\u00e7ekli g\u00fcvenlik sistemleri i\u00e7in ideal bir \u00e7\u00f6z\u00fcmd\u00fcr.\" \/>\n<meta property=\"og:url\" content=\"https:\/\/www.megaguvenlik.com\/?product=dahua-nvr4432-ei\" \/>\n<meta property=\"og:site_name\" content=\"Mega G\u00fcvenlik Sistemleri\" \/>\n<meta property=\"article:modified_time\" content=\"2025-10-21T13:36:32+00:00\" \/>\n<meta property=\"og:image\" content=\"https:\/\/www.megaguvenlik.com\/wp-content\/uploads\/2025\/10\/NVR4432-EI.jpeg\" \/>\n\t<meta property=\"og:image:width\" content=\"224\" \/>\n\t<meta property=\"og:image:height\" content=\"224\" \/>\n\t<meta property=\"og:image:type\" content=\"image\/jpeg\" \/>\n<meta name=\"twitter:card\" content=\"summary_large_image\" \/>\n<meta name=\"twitter:label1\" content=\"Tahmini okuma s\u00fcresi\" \/>\n\t<meta name=\"twitter:data1\" content=\"1 dakika\" \/>\n<script type=\"application\/ld+json\" class=\"yoast-schema-graph\">{\"@context\":\"https:\/\/schema.org\",\"@graph\":[{\"@type\":\"WebPage\",\"@id\":\"https:\/\/www.megaguvenlik.com\/?product=dahua-nvr4432-ei\",\"url\":\"https:\/\/www.megaguvenlik.com\/?product=dahua-nvr4432-ei\",\"name\":\"DAHUA NVR4432-EI - Mega G\u00fcvenlik Sistemleri\",\"isPartOf\":{\"@id\":\"https:\/\/www.megaguvenlik.com\/#website\"},\"primaryImageOfPage\":{\"@id\":\"https:\/\/www.megaguvenlik.com\/?product=dahua-nvr4432-ei#primaryimage\"},\"image\":{\"@id\":\"https:\/\/www.megaguvenlik.com\/?product=dahua-nvr4432-ei#primaryimage\"},\"thumbnailUrl\":\"https:\/\/www.megaguvenlik.com\/wp-content\/uploads\/2025\/10\/NVR4432-EI.jpeg\",\"datePublished\":\"2025-10-21T13:36:31+00:00\",\"dateModified\":\"2025-10-21T13:36:32+00:00\",\"description\":\"NVR4432-EI, yapay zek\u00e2 (AI) destekli, y\u00fcksek performansl\u0131 32 kanall\u0131 a\u011f kay\u0131t cihaz\u0131d\u0131r. Geli\u015fmi\u015f y\u00fcz tan\u0131ma, insan ve ara\u00e7 alg\u0131lama \u00f6zellikleri ile sahte alarmlar\u0131 azalt\u0131r ve g\u00fcvenlik olaylar\u0131n\u0131 ak\u0131ll\u0131 \u015fekilde analiz eder. 4K Ultra HD \u00e7\u00f6z\u00fcn\u00fcrl\u00fck ve g\u00fc\u00e7l\u00fc i\u015flemcisi ile b\u00fcy\u00fck \u00f6l\u00e7ekli g\u00fcvenlik sistemleri i\u00e7in ideal bir \u00e7\u00f6z\u00fcmd\u00fcr.\",\"breadcrumb\":{\"@id\":\"https:\/\/www.megaguvenlik.com\/?product=dahua-nvr4432-ei#breadcrumb\"},\"inLanguage\":\"tr\",\"potentialAction\":[{\"@type\":\"ReadAction\",\"target\":[\"https:\/\/www.megaguvenlik.com\/?product=dahua-nvr4432-ei\"]}]},{\"@type\":\"ImageObject\",\"inLanguage\":\"tr\",\"@id\":\"https:\/\/www.megaguvenlik.com\/?product=dahua-nvr4432-ei#primaryimage\",\"url\":\"https:\/\/www.megaguvenlik.com\/wp-content\/uploads\/2025\/10\/NVR4432-EI.jpeg\",\"contentUrl\":\"https:\/\/www.megaguvenlik.com\/wp-content\/uploads\/2025\/10\/NVR4432-EI.jpeg\",\"width\":224,\"height\":224},{\"@type\":\"BreadcrumbList\",\"@id\":\"https:\/\/www.megaguvenlik.com\/?product=dahua-nvr4432-ei#breadcrumb\",\"itemListElement\":[{\"@type\":\"ListItem\",\"position\":1,\"name\":\"Anasayfa\",\"item\":\"https:\/\/www.megaguvenlik.com\/\"},{\"@type\":\"ListItem\",\"position\":2,\"name\":\"Ma\u011faza\",\"item\":\"https:\/\/www.megaguvenlik.com\/?page_id=323\"},{\"@type\":\"ListItem\",\"position\":3,\"name\":\"DAHUA NVR4432-EI\"}]},{\"@type\":\"WebSite\",\"@id\":\"https:\/\/www.megaguvenlik.com\/#website\",\"url\":\"https:\/\/www.megaguvenlik.com\/\",\"name\":\"Mega G\u00fcvenlik Sistemleri\",\"description\":\"Kamera | Yang\u0131n Alarm | Network | Acil Anons\",\"potentialAction\":[{\"@type\":\"SearchAction\",\"target\":{\"@type\":\"EntryPoint\",\"urlTemplate\":\"https:\/\/www.megaguvenlik.com\/?s={search_term_string}\"},\"query-input\":{\"@type\":\"PropertyValueSpecification\",\"valueRequired\":true,\"valueName\":\"search_term_string\"}}],\"inLanguage\":\"tr\"}]}<\/script>\n<!-- \/ Yoast SEO plugin. -->","yoast_head_json":{"title":"DAHUA NVR4432-EI - Mega G\u00fcvenlik Sistemleri","description":"NVR4432-EI, yapay zek\u00e2 (AI) destekli, y\u00fcksek performansl\u0131 32 kanall\u0131 a\u011f kay\u0131t cihaz\u0131d\u0131r. Geli\u015fmi\u015f y\u00fcz tan\u0131ma, insan ve ara\u00e7 alg\u0131lama \u00f6zellikleri ile sahte alarmlar\u0131 azalt\u0131r ve g\u00fcvenlik olaylar\u0131n\u0131 ak\u0131ll\u0131 \u015fekilde analiz eder. 4K Ultra HD \u00e7\u00f6z\u00fcn\u00fcrl\u00fck ve g\u00fc\u00e7l\u00fc i\u015flemcisi ile b\u00fcy\u00fck \u00f6l\u00e7ekli g\u00fcvenlik sistemleri i\u00e7in ideal bir \u00e7\u00f6z\u00fcmd\u00fcr.","robots":{"index":"index","follow":"follow","max-snippet":"max-snippet:-1","max-image-preview":"max-image-preview:large","max-video-preview":"max-video-preview:-1"},"canonical":"https:\/\/www.megaguvenlik.com\/?product=dahua-nvr4432-ei","og_locale":"tr_TR","og_type":"article","og_title":"DAHUA NVR4432-EI - Mega G\u00fcvenlik Sistemleri","og_description":"NVR4432-EI, yapay zek\u00e2 (AI) destekli, y\u00fcksek performansl\u0131 32 kanall\u0131 a\u011f kay\u0131t cihaz\u0131d\u0131r. Geli\u015fmi\u015f y\u00fcz tan\u0131ma, insan ve ara\u00e7 alg\u0131lama \u00f6zellikleri ile sahte alarmlar\u0131 azalt\u0131r ve g\u00fcvenlik olaylar\u0131n\u0131 ak\u0131ll\u0131 \u015fekilde analiz eder. 4K Ultra HD \u00e7\u00f6z\u00fcn\u00fcrl\u00fck ve g\u00fc\u00e7l\u00fc i\u015flemcisi ile b\u00fcy\u00fck \u00f6l\u00e7ekli g\u00fcvenlik sistemleri i\u00e7in ideal bir \u00e7\u00f6z\u00fcmd\u00fcr.","og_url":"https:\/\/www.megaguvenlik.com\/?product=dahua-nvr4432-ei","og_site_name":"Mega G\u00fcvenlik Sistemleri","article_modified_time":"2025-10-21T13:36:32+00:00","og_image":[{"width":224,"height":224,"url":"https:\/\/www.megaguvenlik.com\/wp-content\/uploads\/2025\/10\/NVR4432-EI.jpeg","type":"image\/jpeg"}],"twitter_card":"summary_large_image","twitter_misc":{"Tahmini okuma s\u00fcresi":"1 dakika"},"schema":{"@context":"https:\/\/schema.org","@graph":[{"@type":"WebPage","@id":"https:\/\/www.megaguvenlik.com\/?product=dahua-nvr4432-ei","url":"https:\/\/www.megaguvenlik.com\/?product=dahua-nvr4432-ei","name":"DAHUA NVR4432-EI - Mega G\u00fcvenlik Sistemleri","isPartOf":{"@id":"https:\/\/www.megaguvenlik.com\/#website"},"primaryImageOfPage":{"@id":"https:\/\/www.megaguvenlik.com\/?product=dahua-nvr4432-ei#primaryimage"},"image":{"@id":"https:\/\/www.megaguvenlik.com\/?product=dahua-nvr4432-ei#primaryimage"},"thumbnailUrl":"https:\/\/www.megaguvenlik.com\/wp-content\/uploads\/2025\/10\/NVR4432-EI.jpeg","datePublished":"2025-10-21T13:36:31+00:00","dateModified":"2025-10-21T13:36:32+00:00","description":"NVR4432-EI, yapay zek\u00e2 (AI) destekli, y\u00fcksek performansl\u0131 32 kanall\u0131 a\u011f kay\u0131t cihaz\u0131d\u0131r. Geli\u015fmi\u015f y\u00fcz tan\u0131ma, insan ve ara\u00e7 alg\u0131lama \u00f6zellikleri ile sahte alarmlar\u0131 azalt\u0131r ve g\u00fcvenlik olaylar\u0131n\u0131 ak\u0131ll\u0131 \u015fekilde analiz eder. 4K Ultra HD \u00e7\u00f6z\u00fcn\u00fcrl\u00fck ve g\u00fc\u00e7l\u00fc i\u015flemcisi ile b\u00fcy\u00fck \u00f6l\u00e7ekli g\u00fcvenlik sistemleri i\u00e7in ideal bir \u00e7\u00f6z\u00fcmd\u00fcr.","breadcrumb":{"@id":"https:\/\/www.megaguvenlik.com\/?product=dahua-nvr4432-ei#breadcrumb"},"inLanguage":"tr","potentialAction":[{"@type":"ReadAction","target":["https:\/\/www.megaguvenlik.com\/?product=dahua-nvr4432-ei"]}]},{"@type":"ImageObject","inLanguage":"tr","@id":"https:\/\/www.megaguvenlik.com\/?product=dahua-nvr4432-ei#primaryimage","url":"https:\/\/www.megaguvenlik.com\/wp-content\/uploads\/2025\/10\/NVR4432-EI.jpeg","contentUrl":"https:\/\/www.megaguvenlik.com\/wp-content\/uploads\/2025\/10\/NVR4432-EI.jpeg","width":224,"height":224},{"@type":"BreadcrumbList","@id":"https:\/\/www.megaguvenlik.com\/?product=dahua-nvr4432-ei#breadcrumb","itemListElement":[{"@type":"ListItem","position":1,"name":"Anasayfa","item":"https:\/\/www.megaguvenlik.com\/"},{"@type":"ListItem","position":2,"name":"Ma\u011faza","item":"https:\/\/www.megaguvenlik.com\/?page_id=323"},{"@type":"ListItem","position":3,"name":"DAHUA NVR4432-EI"}]},{"@type":"WebSite","@id":"https:\/\/www.megaguvenlik.com\/#website","url":"https:\/\/www.megaguvenlik.com\/","name":"Mega G\u00fcvenlik Sistemleri","description":"Kamera | Yang\u0131n Alarm | Network | Acil Anons","potentialAction":[{"@type":"SearchAction","target":{"@type":"EntryPoint","urlTemplate":"https:\/\/www.megaguvenlik.com\/?s={search_term_string}"},"query-input":{"@type":"PropertyValueSpecification","valueRequired":true,"valueName":"search_term_string"}}],"inLanguage":"tr"}]}},"_links":{"self":[{"href":"https:\/\/www.megaguvenlik.com\/index.php?rest_route=\/wp\/v2\/product\/4716","targetHints":{"allow":["GET"]}}],"collection":[{"href":"https:\/\/www.megaguvenlik.com\/index.php?rest_route=\/wp\/v2\/product"}],"about":[{"href":"https:\/\/www.megaguvenlik.com\/index.php?rest_route=\/wp\/v2\/types\/product"}],"replies":[{"embeddable":true,"href":"https:\/\/www.megaguvenlik.com\/index.php?rest_route=%2Fwp%2Fv2%2Fcomments&post=4716"}],"wp:featuredmedia":[{"embeddable":true,"href":"https:\/\/www.megaguvenlik.com\/index.php?rest_route=\/wp\/v2\/media\/4717"}],"wp:attachment":[{"href":"https:\/\/www.megaguvenlik.com\/index.php?rest_route=%2Fwp%2Fv2%2Fmedia&parent=4716"}],"wp:term":[{"taxonomy":"product_brand","embeddable":true,"href":"https:\/\/www.megaguvenlik.com\/index.php?rest_route=%2Fwp%2Fv2%2Fproduct_brand&post=4716"},{"taxonomy":"product_cat","embeddable":true,"href":"https:\/\/www.megaguvenlik.com\/index.php?rest_route=%2Fwp%2Fv2%2Fproduct_cat&post=4716"},{"taxonomy":"product_tag","embeddable":true,"href":"https:\/\/www.megaguvenlik.com\/index.php?rest_route=%2Fwp%2Fv2%2Fproduct_tag&post=4716"}],"curies":[{"name":"wp","href":"https:\/\/api.w.org\/{rel}","templated":true}]}}