{"id":4823,"date":"2025-10-23T11:38:39","date_gmt":"2025-10-23T08:38:39","guid":{"rendered":"https:\/\/www.megaguvenlik.com\/?post_type=product&#038;p=4823"},"modified":"2025-10-23T11:38:39","modified_gmt":"2025-10-23T08:38:39","slug":"dahua-hac-me1239tq-a-pv-0280b-s2","status":"publish","type":"product","link":"https:\/\/www.megaguvenlik.com\/?product=dahua-hac-me1239tq-a-pv-0280b-s2","title":{"rendered":"DAHUA HAC-ME1239TQ-A-PV-0280B\u00ad S2"},"content":{"rendered":"<p>2 MP Smart Dual Illuminators Active Deterrence HDCVI Domet Kamera (40mTamamlay\u0131c\u0131 \u0131\u015f\u0131k+40m IR) 1 \/ 2.7 &#8221; CMOS, 3.6 mm Sabit Lens, 0.001 L\u00fcx Renklili, 130db WDR Super Adapt, BLC\/HLC\/WDR, 3DNR, OSD, AWB, AGC, ICR, 4 in 1(HDCVI\/HDTVI\/AHD\/CVBS) 1BNC, K\u0131rm\u0131z\u0131 ve Mavi LED Sens\u00f6r, Dahili Siren, 7\/24 renkli g\u00f6r\u00fcnt\u00fc,Dahili mikrofon IP67, 25fps@1080p, Metal Kasa<\/p>\n","protected":false},"excerpt":{"rendered":"<p>2 MP Smart Dual Illuminators Active Deterrence HDCVI Domet Kamera (40mTamamlay\u0131c\u0131 \u0131\u015f\u0131k+40m IR) 1 \/ 2.7 &#8221; CMOS, 3.6 mm Sabit Lens, 0.001 L\u00fcx Renklili, 130db WDR Super Adapt, BLC\/HLC\/WDR, 3DNR, OSD, AWB, AGC, ICR, 4 in 1(HDCVI\/HDTVI\/AHD\/CVBS) 1BNC, K\u0131rm\u0131z\u0131 ve Mavi LED Sens\u00f6r, Dahili Siren, 7\/24 renkli g\u00f6r\u00fcnt\u00fc,Dahili mikrofon IP67, 25fps@1080p, Metal Kasa<\/p>\n","protected":false},"featured_media":4824,"comment_status":"open","ping_status":"closed","template":"","meta":[],"product_brand":[],"product_cat":[338,360,199],"product_tag":[340,339,349],"class_list":{"0":"post-4823","1":"product","2":"type-product","3":"status-publish","4":"has-post-thumbnail","6":"product_cat-dahua","7":"product_cat-hdcvi","8":"product_cat-kamera-sistemleri","9":"product_tag-alhua","10":"product_tag-dahua","11":"product_tag-tioc","13":"first","14":"instock","15":"taxable","16":"shipping-taxable","17":"product-type-simple"},"yoast_head":"<!-- This site is optimized with the Yoast SEO plugin v26.0 - https:\/\/yoast.com\/wordpress\/plugins\/seo\/ -->\n<title>DAHUA HAC-ME1239TQ-A-PV-0280B\u00ad S2 - Mega G\u00fcvenlik Sistemleri<\/title>\n<meta name=\"description\" content=\"HAC-ME1239TQ-A-PV-0280B-S2, y\u00fcksek g\u00fcvenlik ve performans gereksinimlerini kar\u015f\u0131lamak \u00fczere tasarlanm\u0131\u015f profesyonel bir IP g\u00fcvenlik kameras\u0131d\u0131r. 4K Ultra HD \u00e7\u00f6z\u00fcn\u00fcrl\u00fc\u011f\u00fc ile geni\u015f alanlarda net ve detayl\u0131 g\u00f6r\u00fcnt\u00fcler sunar ve g\u00fcvenlik y\u00f6netimini etkin \u015fekilde destekler.\" \/>\n<meta name=\"robots\" content=\"index, follow, max-snippet:-1, max-image-preview:large, max-video-preview:-1\" \/>\n<link rel=\"canonical\" href=\"https:\/\/www.megaguvenlik.com\/?product=dahua-hac-me1239tq-a-pv-0280b-s2\" \/>\n<meta property=\"og:locale\" content=\"tr_TR\" \/>\n<meta property=\"og:type\" content=\"article\" \/>\n<meta property=\"og:title\" content=\"DAHUA HAC-ME1239TQ-A-PV-0280B\u00ad S2 - Mega G\u00fcvenlik Sistemleri\" \/>\n<meta property=\"og:description\" content=\"HAC-ME1239TQ-A-PV-0280B-S2, y\u00fcksek g\u00fcvenlik ve performans gereksinimlerini kar\u015f\u0131lamak \u00fczere tasarlanm\u0131\u015f profesyonel bir IP g\u00fcvenlik kameras\u0131d\u0131r. 4K Ultra HD \u00e7\u00f6z\u00fcn\u00fcrl\u00fc\u011f\u00fc ile geni\u015f alanlarda net ve detayl\u0131 g\u00f6r\u00fcnt\u00fcler sunar ve g\u00fcvenlik y\u00f6netimini etkin \u015fekilde destekler.\" \/>\n<meta property=\"og:url\" content=\"https:\/\/www.megaguvenlik.com\/?product=dahua-hac-me1239tq-a-pv-0280b-s2\" \/>\n<meta property=\"og:site_name\" content=\"Mega G\u00fcvenlik Sistemleri\" \/>\n<meta property=\"og:image\" content=\"https:\/\/www.megaguvenlik.com\/wp-content\/uploads\/2025\/10\/HAC-ME1239TQ-A-PV-0280B\u00ad-S2.jpeg\" \/>\n\t<meta property=\"og:image:width\" content=\"225\" \/>\n\t<meta property=\"og:image:height\" content=\"225\" \/>\n\t<meta property=\"og:image:type\" content=\"image\/jpeg\" \/>\n<meta name=\"twitter:card\" content=\"summary_large_image\" \/>\n<meta name=\"twitter:label1\" content=\"Tahmini okuma s\u00fcresi\" \/>\n\t<meta name=\"twitter:data1\" content=\"1 dakika\" \/>\n<script type=\"application\/ld+json\" class=\"yoast-schema-graph\">{\"@context\":\"https:\/\/schema.org\",\"@graph\":[{\"@type\":\"WebPage\",\"@id\":\"https:\/\/www.megaguvenlik.com\/?product=dahua-hac-me1239tq-a-pv-0280b-s2\",\"url\":\"https:\/\/www.megaguvenlik.com\/?product=dahua-hac-me1239tq-a-pv-0280b-s2\",\"name\":\"DAHUA HAC-ME1239TQ-A-PV-0280B\u00ad S2 - Mega G\u00fcvenlik Sistemleri\",\"isPartOf\":{\"@id\":\"https:\/\/www.megaguvenlik.com\/#website\"},\"primaryImageOfPage\":{\"@id\":\"https:\/\/www.megaguvenlik.com\/?product=dahua-hac-me1239tq-a-pv-0280b-s2#primaryimage\"},\"image\":{\"@id\":\"https:\/\/www.megaguvenlik.com\/?product=dahua-hac-me1239tq-a-pv-0280b-s2#primaryimage\"},\"thumbnailUrl\":\"https:\/\/www.megaguvenlik.com\/wp-content\/uploads\/2025\/10\/HAC-ME1239TQ-A-PV-0280B\u00ad-S2.jpeg\",\"datePublished\":\"2025-10-23T08:38:39+00:00\",\"description\":\"HAC-ME1239TQ-A-PV-0280B-S2, y\u00fcksek g\u00fcvenlik ve performans gereksinimlerini kar\u015f\u0131lamak \u00fczere tasarlanm\u0131\u015f profesyonel bir IP g\u00fcvenlik kameras\u0131d\u0131r. 4K Ultra HD \u00e7\u00f6z\u00fcn\u00fcrl\u00fc\u011f\u00fc ile geni\u015f alanlarda net ve detayl\u0131 g\u00f6r\u00fcnt\u00fcler sunar ve g\u00fcvenlik y\u00f6netimini etkin \u015fekilde destekler.\",\"breadcrumb\":{\"@id\":\"https:\/\/www.megaguvenlik.com\/?product=dahua-hac-me1239tq-a-pv-0280b-s2#breadcrumb\"},\"inLanguage\":\"tr\",\"potentialAction\":[{\"@type\":\"ReadAction\",\"target\":[\"https:\/\/www.megaguvenlik.com\/?product=dahua-hac-me1239tq-a-pv-0280b-s2\"]}]},{\"@type\":\"ImageObject\",\"inLanguage\":\"tr\",\"@id\":\"https:\/\/www.megaguvenlik.com\/?product=dahua-hac-me1239tq-a-pv-0280b-s2#primaryimage\",\"url\":\"https:\/\/www.megaguvenlik.com\/wp-content\/uploads\/2025\/10\/HAC-ME1239TQ-A-PV-0280B\u00ad-S2.jpeg\",\"contentUrl\":\"https:\/\/www.megaguvenlik.com\/wp-content\/uploads\/2025\/10\/HAC-ME1239TQ-A-PV-0280B\u00ad-S2.jpeg\",\"width\":225,\"height\":225},{\"@type\":\"BreadcrumbList\",\"@id\":\"https:\/\/www.megaguvenlik.com\/?product=dahua-hac-me1239tq-a-pv-0280b-s2#breadcrumb\",\"itemListElement\":[{\"@type\":\"ListItem\",\"position\":1,\"name\":\"Anasayfa\",\"item\":\"https:\/\/www.megaguvenlik.com\/\"},{\"@type\":\"ListItem\",\"position\":2,\"name\":\"Ma\u011faza\",\"item\":\"https:\/\/www.megaguvenlik.com\/?page_id=323\"},{\"@type\":\"ListItem\",\"position\":3,\"name\":\"DAHUA HAC-ME1239TQ-A-PV-0280B\u00ad S2\"}]},{\"@type\":\"WebSite\",\"@id\":\"https:\/\/www.megaguvenlik.com\/#website\",\"url\":\"https:\/\/www.megaguvenlik.com\/\",\"name\":\"Mega G\u00fcvenlik Sistemleri\",\"description\":\"Kamera | Yang\u0131n Alarm | Network | Acil Anons\",\"potentialAction\":[{\"@type\":\"SearchAction\",\"target\":{\"@type\":\"EntryPoint\",\"urlTemplate\":\"https:\/\/www.megaguvenlik.com\/?s={search_term_string}\"},\"query-input\":{\"@type\":\"PropertyValueSpecification\",\"valueRequired\":true,\"valueName\":\"search_term_string\"}}],\"inLanguage\":\"tr\"}]}<\/script>\n<!-- \/ Yoast SEO plugin. -->","yoast_head_json":{"title":"DAHUA HAC-ME1239TQ-A-PV-0280B\u00ad S2 - Mega G\u00fcvenlik Sistemleri","description":"HAC-ME1239TQ-A-PV-0280B-S2, y\u00fcksek g\u00fcvenlik ve performans gereksinimlerini kar\u015f\u0131lamak \u00fczere tasarlanm\u0131\u015f profesyonel bir IP g\u00fcvenlik kameras\u0131d\u0131r. 4K Ultra HD \u00e7\u00f6z\u00fcn\u00fcrl\u00fc\u011f\u00fc ile geni\u015f alanlarda net ve detayl\u0131 g\u00f6r\u00fcnt\u00fcler sunar ve g\u00fcvenlik y\u00f6netimini etkin \u015fekilde destekler.","robots":{"index":"index","follow":"follow","max-snippet":"max-snippet:-1","max-image-preview":"max-image-preview:large","max-video-preview":"max-video-preview:-1"},"canonical":"https:\/\/www.megaguvenlik.com\/?product=dahua-hac-me1239tq-a-pv-0280b-s2","og_locale":"tr_TR","og_type":"article","og_title":"DAHUA HAC-ME1239TQ-A-PV-0280B\u00ad S2 - Mega G\u00fcvenlik Sistemleri","og_description":"HAC-ME1239TQ-A-PV-0280B-S2, y\u00fcksek g\u00fcvenlik ve performans gereksinimlerini kar\u015f\u0131lamak \u00fczere tasarlanm\u0131\u015f profesyonel bir IP g\u00fcvenlik kameras\u0131d\u0131r. 4K Ultra HD \u00e7\u00f6z\u00fcn\u00fcrl\u00fc\u011f\u00fc ile geni\u015f alanlarda net ve detayl\u0131 g\u00f6r\u00fcnt\u00fcler sunar ve g\u00fcvenlik y\u00f6netimini etkin \u015fekilde destekler.","og_url":"https:\/\/www.megaguvenlik.com\/?product=dahua-hac-me1239tq-a-pv-0280b-s2","og_site_name":"Mega G\u00fcvenlik Sistemleri","og_image":[{"width":225,"height":225,"url":"https:\/\/www.megaguvenlik.com\/wp-content\/uploads\/2025\/10\/HAC-ME1239TQ-A-PV-0280B\u00ad-S2.jpeg","type":"image\/jpeg"}],"twitter_card":"summary_large_image","twitter_misc":{"Tahmini okuma s\u00fcresi":"1 dakika"},"schema":{"@context":"https:\/\/schema.org","@graph":[{"@type":"WebPage","@id":"https:\/\/www.megaguvenlik.com\/?product=dahua-hac-me1239tq-a-pv-0280b-s2","url":"https:\/\/www.megaguvenlik.com\/?product=dahua-hac-me1239tq-a-pv-0280b-s2","name":"DAHUA HAC-ME1239TQ-A-PV-0280B\u00ad S2 - Mega G\u00fcvenlik Sistemleri","isPartOf":{"@id":"https:\/\/www.megaguvenlik.com\/#website"},"primaryImageOfPage":{"@id":"https:\/\/www.megaguvenlik.com\/?product=dahua-hac-me1239tq-a-pv-0280b-s2#primaryimage"},"image":{"@id":"https:\/\/www.megaguvenlik.com\/?product=dahua-hac-me1239tq-a-pv-0280b-s2#primaryimage"},"thumbnailUrl":"https:\/\/www.megaguvenlik.com\/wp-content\/uploads\/2025\/10\/HAC-ME1239TQ-A-PV-0280B\u00ad-S2.jpeg","datePublished":"2025-10-23T08:38:39+00:00","description":"HAC-ME1239TQ-A-PV-0280B-S2, y\u00fcksek g\u00fcvenlik ve performans gereksinimlerini kar\u015f\u0131lamak \u00fczere tasarlanm\u0131\u015f profesyonel bir IP g\u00fcvenlik kameras\u0131d\u0131r. 4K Ultra HD \u00e7\u00f6z\u00fcn\u00fcrl\u00fc\u011f\u00fc ile geni\u015f alanlarda net ve detayl\u0131 g\u00f6r\u00fcnt\u00fcler sunar ve g\u00fcvenlik y\u00f6netimini etkin \u015fekilde destekler.","breadcrumb":{"@id":"https:\/\/www.megaguvenlik.com\/?product=dahua-hac-me1239tq-a-pv-0280b-s2#breadcrumb"},"inLanguage":"tr","potentialAction":[{"@type":"ReadAction","target":["https:\/\/www.megaguvenlik.com\/?product=dahua-hac-me1239tq-a-pv-0280b-s2"]}]},{"@type":"ImageObject","inLanguage":"tr","@id":"https:\/\/www.megaguvenlik.com\/?product=dahua-hac-me1239tq-a-pv-0280b-s2#primaryimage","url":"https:\/\/www.megaguvenlik.com\/wp-content\/uploads\/2025\/10\/HAC-ME1239TQ-A-PV-0280B\u00ad-S2.jpeg","contentUrl":"https:\/\/www.megaguvenlik.com\/wp-content\/uploads\/2025\/10\/HAC-ME1239TQ-A-PV-0280B\u00ad-S2.jpeg","width":225,"height":225},{"@type":"BreadcrumbList","@id":"https:\/\/www.megaguvenlik.com\/?product=dahua-hac-me1239tq-a-pv-0280b-s2#breadcrumb","itemListElement":[{"@type":"ListItem","position":1,"name":"Anasayfa","item":"https:\/\/www.megaguvenlik.com\/"},{"@type":"ListItem","position":2,"name":"Ma\u011faza","item":"https:\/\/www.megaguvenlik.com\/?page_id=323"},{"@type":"ListItem","position":3,"name":"DAHUA HAC-ME1239TQ-A-PV-0280B\u00ad S2"}]},{"@type":"WebSite","@id":"https:\/\/www.megaguvenlik.com\/#website","url":"https:\/\/www.megaguvenlik.com\/","name":"Mega G\u00fcvenlik Sistemleri","description":"Kamera | Yang\u0131n Alarm | Network | Acil Anons","potentialAction":[{"@type":"SearchAction","target":{"@type":"EntryPoint","urlTemplate":"https:\/\/www.megaguvenlik.com\/?s={search_term_string}"},"query-input":{"@type":"PropertyValueSpecification","valueRequired":true,"valueName":"search_term_string"}}],"inLanguage":"tr"}]}},"_links":{"self":[{"href":"https:\/\/www.megaguvenlik.com\/index.php?rest_route=\/wp\/v2\/product\/4823","targetHints":{"allow":["GET"]}}],"collection":[{"href":"https:\/\/www.megaguvenlik.com\/index.php?rest_route=\/wp\/v2\/product"}],"about":[{"href":"https:\/\/www.megaguvenlik.com\/index.php?rest_route=\/wp\/v2\/types\/product"}],"replies":[{"embeddable":true,"href":"https:\/\/www.megaguvenlik.com\/index.php?rest_route=%2Fwp%2Fv2%2Fcomments&post=4823"}],"wp:featuredmedia":[{"embeddable":true,"href":"https:\/\/www.megaguvenlik.com\/index.php?rest_route=\/wp\/v2\/media\/4824"}],"wp:attachment":[{"href":"https:\/\/www.megaguvenlik.com\/index.php?rest_route=%2Fwp%2Fv2%2Fmedia&parent=4823"}],"wp:term":[{"taxonomy":"product_brand","embeddable":true,"href":"https:\/\/www.megaguvenlik.com\/index.php?rest_route=%2Fwp%2Fv2%2Fproduct_brand&post=4823"},{"taxonomy":"product_cat","embeddable":true,"href":"https:\/\/www.megaguvenlik.com\/index.php?rest_route=%2Fwp%2Fv2%2Fproduct_cat&post=4823"},{"taxonomy":"product_tag","embeddable":true,"href":"https:\/\/www.megaguvenlik.com\/index.php?rest_route=%2Fwp%2Fv2%2Fproduct_tag&post=4823"}],"curies":[{"name":"wp","href":"https:\/\/api.w.org\/{rel}","templated":true}]}}