{"id":4829,"date":"2025-10-23T14:11:20","date_gmt":"2025-10-23T11:11:20","guid":{"rendered":"https:\/\/www.megaguvenlik.com\/?post_type=product&#038;p=4829"},"modified":"2025-10-23T14:11:21","modified_gmt":"2025-10-23T11:11:21","slug":"dahua-hac-me1509tq-pv-0280b","status":"publish","type":"product","link":"https:\/\/www.megaguvenlik.com\/?product=dahua-hac-me1509tq-pv-0280b","title":{"rendered":"DAHUA HAC-ME1509TQ-PV-0280B"},"content":{"rendered":"<p>5 MP Full Color Domet Kamera(40m Tamamlay\u0131c\u0131 \u0131\u015f\u0131k)1 \/ 2.7 &#8221; CMOS, 2.8mm Sabit Lens, 0.005 L\u00fcx RenkliBLC\/HLC\/DWDR, 2DNR, OSD, AWB, AGC, ICR, 4 in 1(HDCVI\/HDTVI\/AHD\/CVBS)1BNC, 1 Alarm output, K\u0131rm\u0131z\u0131 ve Mavi LED Sens\u00f6r, Dahili Siren, 7\/24 renkli g\u00f6r\u00fcnt\u00fcIP67, 25fps@1080p, Metal k Kasa<\/p>\n","protected":false},"excerpt":{"rendered":"<p>5 MP Full Color Domet Kamera(40m Tamamlay\u0131c\u0131 \u0131\u015f\u0131k)1 \/ 2.7 &#8221; CMOS, 2.8mm Sabit Lens, 0.005 L\u00fcx RenkliBLC\/HLC\/DWDR, 2DNR, OSD, AWB, AGC, ICR, 4 in 1(HDCVI\/HDTVI\/AHD\/CVBS)1BNC, 1 Alarm output, K\u0131rm\u0131z\u0131 ve Mavi LED Sens\u00f6r, Dahili Siren, 7\/24 renkli g\u00f6r\u00fcnt\u00fcIP67, 25fps@1080p, Metal k Kasa<\/p>\n","protected":false},"featured_media":4830,"comment_status":"open","ping_status":"closed","template":"","meta":[],"product_brand":[],"product_cat":[338,360,199],"product_tag":[340,339,361,349],"class_list":{"0":"post-4829","1":"product","2":"type-product","3":"status-publish","4":"has-post-thumbnail","6":"product_cat-dahua","7":"product_cat-hdcvi","8":"product_cat-kamera-sistemleri","9":"product_tag-alhua","10":"product_tag-dahua","11":"product_tag-hdcvi","12":"product_tag-tioc","14":"first","15":"instock","16":"taxable","17":"shipping-taxable","18":"product-type-simple"},"yoast_head":"<!-- This site is optimized with the Yoast SEO plugin v26.0 - https:\/\/yoast.com\/wordpress\/plugins\/seo\/ -->\n<title>DAHUA HAC-ME1509TQ-PV-0280B - Mega G\u00fcvenlik Sistemleri<\/title>\n<meta name=\"description\" content=\"HAC-ME1509TQ-PV-0280B, y\u00fcksek \u00e7\u00f6z\u00fcn\u00fcrl\u00fckl\u00fc g\u00f6r\u00fcnt\u00fc kalitesi ve ak\u0131ll\u0131 g\u00fcvenlik \u00f6zellikleriyle profesyonel ihtiya\u00e7lara y\u00f6nelik geli\u015ftirilmi\u015f bir g\u00fcvenlik kameras\u0131d\u0131r. 5 MP \u00e7\u00f6z\u00fcn\u00fcrl\u00fc\u011f\u00fc sayesinde geni\u015f alanlarda net ve detayl\u0131 g\u00f6r\u00fcnt\u00fcler sunar, g\u00fcvenlik y\u00f6netimini \u00fcst d\u00fczeye ta\u015f\u0131r.\" \/>\n<meta name=\"robots\" content=\"index, follow, max-snippet:-1, max-image-preview:large, max-video-preview:-1\" \/>\n<link rel=\"canonical\" href=\"https:\/\/www.megaguvenlik.com\/?product=dahua-hac-me1509tq-pv-0280b\" \/>\n<meta property=\"og:locale\" content=\"tr_TR\" \/>\n<meta property=\"og:type\" content=\"article\" \/>\n<meta property=\"og:title\" content=\"DAHUA HAC-ME1509TQ-PV-0280B - Mega G\u00fcvenlik Sistemleri\" \/>\n<meta property=\"og:description\" content=\"HAC-ME1509TQ-PV-0280B, y\u00fcksek \u00e7\u00f6z\u00fcn\u00fcrl\u00fckl\u00fc g\u00f6r\u00fcnt\u00fc kalitesi ve ak\u0131ll\u0131 g\u00fcvenlik \u00f6zellikleriyle profesyonel ihtiya\u00e7lara y\u00f6nelik geli\u015ftirilmi\u015f bir g\u00fcvenlik kameras\u0131d\u0131r. 5 MP \u00e7\u00f6z\u00fcn\u00fcrl\u00fc\u011f\u00fc sayesinde geni\u015f alanlarda net ve detayl\u0131 g\u00f6r\u00fcnt\u00fcler sunar, g\u00fcvenlik y\u00f6netimini \u00fcst d\u00fczeye ta\u015f\u0131r.\" \/>\n<meta property=\"og:url\" content=\"https:\/\/www.megaguvenlik.com\/?product=dahua-hac-me1509tq-pv-0280b\" \/>\n<meta property=\"og:site_name\" content=\"Mega G\u00fcvenlik Sistemleri\" \/>\n<meta property=\"article:modified_time\" content=\"2025-10-23T11:11:21+00:00\" \/>\n<meta property=\"og:image\" content=\"https:\/\/www.megaguvenlik.com\/wp-content\/uploads\/2025\/10\/HAC-ME1509TQ-PV-0280B.jpeg\" \/>\n\t<meta property=\"og:image:width\" content=\"225\" \/>\n\t<meta property=\"og:image:height\" content=\"225\" \/>\n\t<meta property=\"og:image:type\" content=\"image\/jpeg\" \/>\n<meta name=\"twitter:card\" content=\"summary_large_image\" \/>\n<meta name=\"twitter:label1\" content=\"Tahmini okuma s\u00fcresi\" \/>\n\t<meta name=\"twitter:data1\" content=\"1 dakika\" \/>\n<script type=\"application\/ld+json\" class=\"yoast-schema-graph\">{\"@context\":\"https:\/\/schema.org\",\"@graph\":[{\"@type\":\"WebPage\",\"@id\":\"https:\/\/www.megaguvenlik.com\/?product=dahua-hac-me1509tq-pv-0280b\",\"url\":\"https:\/\/www.megaguvenlik.com\/?product=dahua-hac-me1509tq-pv-0280b\",\"name\":\"DAHUA HAC-ME1509TQ-PV-0280B - Mega G\u00fcvenlik Sistemleri\",\"isPartOf\":{\"@id\":\"https:\/\/www.megaguvenlik.com\/#website\"},\"primaryImageOfPage\":{\"@id\":\"https:\/\/www.megaguvenlik.com\/?product=dahua-hac-me1509tq-pv-0280b#primaryimage\"},\"image\":{\"@id\":\"https:\/\/www.megaguvenlik.com\/?product=dahua-hac-me1509tq-pv-0280b#primaryimage\"},\"thumbnailUrl\":\"https:\/\/www.megaguvenlik.com\/wp-content\/uploads\/2025\/10\/HAC-ME1509TQ-PV-0280B.jpeg\",\"datePublished\":\"2025-10-23T11:11:20+00:00\",\"dateModified\":\"2025-10-23T11:11:21+00:00\",\"description\":\"HAC-ME1509TQ-PV-0280B, y\u00fcksek \u00e7\u00f6z\u00fcn\u00fcrl\u00fckl\u00fc g\u00f6r\u00fcnt\u00fc kalitesi ve ak\u0131ll\u0131 g\u00fcvenlik \u00f6zellikleriyle profesyonel ihtiya\u00e7lara y\u00f6nelik geli\u015ftirilmi\u015f bir g\u00fcvenlik kameras\u0131d\u0131r. 5 MP \u00e7\u00f6z\u00fcn\u00fcrl\u00fc\u011f\u00fc sayesinde geni\u015f alanlarda net ve detayl\u0131 g\u00f6r\u00fcnt\u00fcler sunar, g\u00fcvenlik y\u00f6netimini \u00fcst d\u00fczeye ta\u015f\u0131r.\",\"breadcrumb\":{\"@id\":\"https:\/\/www.megaguvenlik.com\/?product=dahua-hac-me1509tq-pv-0280b#breadcrumb\"},\"inLanguage\":\"tr\",\"potentialAction\":[{\"@type\":\"ReadAction\",\"target\":[\"https:\/\/www.megaguvenlik.com\/?product=dahua-hac-me1509tq-pv-0280b\"]}]},{\"@type\":\"ImageObject\",\"inLanguage\":\"tr\",\"@id\":\"https:\/\/www.megaguvenlik.com\/?product=dahua-hac-me1509tq-pv-0280b#primaryimage\",\"url\":\"https:\/\/www.megaguvenlik.com\/wp-content\/uploads\/2025\/10\/HAC-ME1509TQ-PV-0280B.jpeg\",\"contentUrl\":\"https:\/\/www.megaguvenlik.com\/wp-content\/uploads\/2025\/10\/HAC-ME1509TQ-PV-0280B.jpeg\",\"width\":225,\"height\":225},{\"@type\":\"BreadcrumbList\",\"@id\":\"https:\/\/www.megaguvenlik.com\/?product=dahua-hac-me1509tq-pv-0280b#breadcrumb\",\"itemListElement\":[{\"@type\":\"ListItem\",\"position\":1,\"name\":\"Anasayfa\",\"item\":\"https:\/\/www.megaguvenlik.com\/\"},{\"@type\":\"ListItem\",\"position\":2,\"name\":\"Ma\u011faza\",\"item\":\"https:\/\/www.megaguvenlik.com\/?page_id=323\"},{\"@type\":\"ListItem\",\"position\":3,\"name\":\"DAHUA HAC-ME1509TQ-PV-0280B\"}]},{\"@type\":\"WebSite\",\"@id\":\"https:\/\/www.megaguvenlik.com\/#website\",\"url\":\"https:\/\/www.megaguvenlik.com\/\",\"name\":\"Mega G\u00fcvenlik Sistemleri\",\"description\":\"Kamera | Yang\u0131n Alarm | Network | Acil Anons\",\"potentialAction\":[{\"@type\":\"SearchAction\",\"target\":{\"@type\":\"EntryPoint\",\"urlTemplate\":\"https:\/\/www.megaguvenlik.com\/?s={search_term_string}\"},\"query-input\":{\"@type\":\"PropertyValueSpecification\",\"valueRequired\":true,\"valueName\":\"search_term_string\"}}],\"inLanguage\":\"tr\"}]}<\/script>\n<!-- \/ Yoast SEO plugin. -->","yoast_head_json":{"title":"DAHUA HAC-ME1509TQ-PV-0280B - Mega G\u00fcvenlik Sistemleri","description":"HAC-ME1509TQ-PV-0280B, y\u00fcksek \u00e7\u00f6z\u00fcn\u00fcrl\u00fckl\u00fc g\u00f6r\u00fcnt\u00fc kalitesi ve ak\u0131ll\u0131 g\u00fcvenlik \u00f6zellikleriyle profesyonel ihtiya\u00e7lara y\u00f6nelik geli\u015ftirilmi\u015f bir g\u00fcvenlik kameras\u0131d\u0131r. 5 MP \u00e7\u00f6z\u00fcn\u00fcrl\u00fc\u011f\u00fc sayesinde geni\u015f alanlarda net ve detayl\u0131 g\u00f6r\u00fcnt\u00fcler sunar, g\u00fcvenlik y\u00f6netimini \u00fcst d\u00fczeye ta\u015f\u0131r.","robots":{"index":"index","follow":"follow","max-snippet":"max-snippet:-1","max-image-preview":"max-image-preview:large","max-video-preview":"max-video-preview:-1"},"canonical":"https:\/\/www.megaguvenlik.com\/?product=dahua-hac-me1509tq-pv-0280b","og_locale":"tr_TR","og_type":"article","og_title":"DAHUA HAC-ME1509TQ-PV-0280B - Mega G\u00fcvenlik Sistemleri","og_description":"HAC-ME1509TQ-PV-0280B, y\u00fcksek \u00e7\u00f6z\u00fcn\u00fcrl\u00fckl\u00fc g\u00f6r\u00fcnt\u00fc kalitesi ve ak\u0131ll\u0131 g\u00fcvenlik \u00f6zellikleriyle profesyonel ihtiya\u00e7lara y\u00f6nelik geli\u015ftirilmi\u015f bir g\u00fcvenlik kameras\u0131d\u0131r. 5 MP \u00e7\u00f6z\u00fcn\u00fcrl\u00fc\u011f\u00fc sayesinde geni\u015f alanlarda net ve detayl\u0131 g\u00f6r\u00fcnt\u00fcler sunar, g\u00fcvenlik y\u00f6netimini \u00fcst d\u00fczeye ta\u015f\u0131r.","og_url":"https:\/\/www.megaguvenlik.com\/?product=dahua-hac-me1509tq-pv-0280b","og_site_name":"Mega G\u00fcvenlik Sistemleri","article_modified_time":"2025-10-23T11:11:21+00:00","og_image":[{"width":225,"height":225,"url":"https:\/\/www.megaguvenlik.com\/wp-content\/uploads\/2025\/10\/HAC-ME1509TQ-PV-0280B.jpeg","type":"image\/jpeg"}],"twitter_card":"summary_large_image","twitter_misc":{"Tahmini okuma s\u00fcresi":"1 dakika"},"schema":{"@context":"https:\/\/schema.org","@graph":[{"@type":"WebPage","@id":"https:\/\/www.megaguvenlik.com\/?product=dahua-hac-me1509tq-pv-0280b","url":"https:\/\/www.megaguvenlik.com\/?product=dahua-hac-me1509tq-pv-0280b","name":"DAHUA HAC-ME1509TQ-PV-0280B - Mega G\u00fcvenlik Sistemleri","isPartOf":{"@id":"https:\/\/www.megaguvenlik.com\/#website"},"primaryImageOfPage":{"@id":"https:\/\/www.megaguvenlik.com\/?product=dahua-hac-me1509tq-pv-0280b#primaryimage"},"image":{"@id":"https:\/\/www.megaguvenlik.com\/?product=dahua-hac-me1509tq-pv-0280b#primaryimage"},"thumbnailUrl":"https:\/\/www.megaguvenlik.com\/wp-content\/uploads\/2025\/10\/HAC-ME1509TQ-PV-0280B.jpeg","datePublished":"2025-10-23T11:11:20+00:00","dateModified":"2025-10-23T11:11:21+00:00","description":"HAC-ME1509TQ-PV-0280B, y\u00fcksek \u00e7\u00f6z\u00fcn\u00fcrl\u00fckl\u00fc g\u00f6r\u00fcnt\u00fc kalitesi ve ak\u0131ll\u0131 g\u00fcvenlik \u00f6zellikleriyle profesyonel ihtiya\u00e7lara y\u00f6nelik geli\u015ftirilmi\u015f bir g\u00fcvenlik kameras\u0131d\u0131r. 5 MP \u00e7\u00f6z\u00fcn\u00fcrl\u00fc\u011f\u00fc sayesinde geni\u015f alanlarda net ve detayl\u0131 g\u00f6r\u00fcnt\u00fcler sunar, g\u00fcvenlik y\u00f6netimini \u00fcst d\u00fczeye ta\u015f\u0131r.","breadcrumb":{"@id":"https:\/\/www.megaguvenlik.com\/?product=dahua-hac-me1509tq-pv-0280b#breadcrumb"},"inLanguage":"tr","potentialAction":[{"@type":"ReadAction","target":["https:\/\/www.megaguvenlik.com\/?product=dahua-hac-me1509tq-pv-0280b"]}]},{"@type":"ImageObject","inLanguage":"tr","@id":"https:\/\/www.megaguvenlik.com\/?product=dahua-hac-me1509tq-pv-0280b#primaryimage","url":"https:\/\/www.megaguvenlik.com\/wp-content\/uploads\/2025\/10\/HAC-ME1509TQ-PV-0280B.jpeg","contentUrl":"https:\/\/www.megaguvenlik.com\/wp-content\/uploads\/2025\/10\/HAC-ME1509TQ-PV-0280B.jpeg","width":225,"height":225},{"@type":"BreadcrumbList","@id":"https:\/\/www.megaguvenlik.com\/?product=dahua-hac-me1509tq-pv-0280b#breadcrumb","itemListElement":[{"@type":"ListItem","position":1,"name":"Anasayfa","item":"https:\/\/www.megaguvenlik.com\/"},{"@type":"ListItem","position":2,"name":"Ma\u011faza","item":"https:\/\/www.megaguvenlik.com\/?page_id=323"},{"@type":"ListItem","position":3,"name":"DAHUA HAC-ME1509TQ-PV-0280B"}]},{"@type":"WebSite","@id":"https:\/\/www.megaguvenlik.com\/#website","url":"https:\/\/www.megaguvenlik.com\/","name":"Mega G\u00fcvenlik Sistemleri","description":"Kamera | Yang\u0131n Alarm | Network | Acil Anons","potentialAction":[{"@type":"SearchAction","target":{"@type":"EntryPoint","urlTemplate":"https:\/\/www.megaguvenlik.com\/?s={search_term_string}"},"query-input":{"@type":"PropertyValueSpecification","valueRequired":true,"valueName":"search_term_string"}}],"inLanguage":"tr"}]}},"_links":{"self":[{"href":"https:\/\/www.megaguvenlik.com\/index.php?rest_route=\/wp\/v2\/product\/4829","targetHints":{"allow":["GET"]}}],"collection":[{"href":"https:\/\/www.megaguvenlik.com\/index.php?rest_route=\/wp\/v2\/product"}],"about":[{"href":"https:\/\/www.megaguvenlik.com\/index.php?rest_route=\/wp\/v2\/types\/product"}],"replies":[{"embeddable":true,"href":"https:\/\/www.megaguvenlik.com\/index.php?rest_route=%2Fwp%2Fv2%2Fcomments&post=4829"}],"wp:featuredmedia":[{"embeddable":true,"href":"https:\/\/www.megaguvenlik.com\/index.php?rest_route=\/wp\/v2\/media\/4830"}],"wp:attachment":[{"href":"https:\/\/www.megaguvenlik.com\/index.php?rest_route=%2Fwp%2Fv2%2Fmedia&parent=4829"}],"wp:term":[{"taxonomy":"product_brand","embeddable":true,"href":"https:\/\/www.megaguvenlik.com\/index.php?rest_route=%2Fwp%2Fv2%2Fproduct_brand&post=4829"},{"taxonomy":"product_cat","embeddable":true,"href":"https:\/\/www.megaguvenlik.com\/index.php?rest_route=%2Fwp%2Fv2%2Fproduct_cat&post=4829"},{"taxonomy":"product_tag","embeddable":true,"href":"https:\/\/www.megaguvenlik.com\/index.php?rest_route=%2Fwp%2Fv2%2Fproduct_tag&post=4829"}],"curies":[{"name":"wp","href":"https:\/\/api.w.org\/{rel}","templated":true}]}}